{"id":22,"date":"2025-07-24T17:04:01","date_gmt":"2025-07-24T15:04:01","guid":{"rendered":"https:\/\/merplast.pl\/?page_id=22"},"modified":"2025-10-07T21:45:04","modified_gmt":"2025-10-07T19:45:04","slug":"22-2","status":"publish","type":"page","link":"https:\/\/merplast.pl\/?page_id=22","title":{"rendered":"Dane sp\u00f3\u0142ki"},"content":{"rendered":"\n<div class=\"wp-block-group alignfull has-background is-content-justification-space-between is-nowrap is-layout-flex wp-container-core-group-is-layout-ef6cc422 wp-block-group-is-layout-flex\" style=\"border-style:none;border-width:0px;background-color:#ffffff;min-height:0px;margin-top:0;margin-bottom:0;padding-top:var(--wp--preset--spacing--30);padding-right:var(--wp--preset--spacing--60);padding-bottom:var(--wp--preset--spacing--30);padding-left:var(--wp--preset--spacing--60)\">\n<figure class=\"wp-block-image size-full is-resized has-custom-border\" style=\"margin-top:0;margin-bottom:0\"><a href=\"https:\/\/merplast.pl\/\"><img loading=\"lazy\" decoding=\"async\" width=\"2105\" height=\"522\" src=\"https:\/\/merplast.pl\/wp-content\/uploads\/2025\/08\/Logotyp-Merplast-niebieski-e1755119661465.png\" alt=\"\" class=\"wp-image-183\" style=\"border-style:none;border-width:0px;width:182px;height:auto\" srcset=\"https:\/\/merplast.pl\/wp-content\/uploads\/2025\/08\/Logotyp-Merplast-niebieski-e1755119661465.png 2105w, https:\/\/merplast.pl\/wp-content\/uploads\/2025\/08\/Logotyp-Merplast-niebieski-e1755119661465-300x74.png 300w, https:\/\/merplast.pl\/wp-content\/uploads\/2025\/08\/Logotyp-Merplast-niebieski-e1755119661465-1024x254.png 1024w, https:\/\/merplast.pl\/wp-content\/uploads\/2025\/08\/Logotyp-Merplast-niebieski-e1755119661465-768x190.png 768w, https:\/\/merplast.pl\/wp-content\/uploads\/2025\/08\/Logotyp-Merplast-niebieski-e1755119661465-1536x381.png 1536w, https:\/\/merplast.pl\/wp-content\/uploads\/2025\/08\/Logotyp-Merplast-niebieski-e1755119661465-2048x508.png 2048w\" sizes=\"auto, (max-width: 2105px) 100vw, 2105px\" \/><\/a><\/figure>\n\n\n<nav class=\"has-text-color has-theme-palette6-color has-small-font-size is-responsive items-justified-space-between wp-block-navigation wp-container-content-f22b2ade is-horizontal is-content-justification-space-between is-layout-flex wp-container-core-navigation-is-layout-202c9dfe wp-block-navigation-is-layout-flex\" aria-label=\"Nawigacja\" \n\t\t data-wp-interactive=\"core\/navigation\" data-wp-context='{\"overlayOpenedBy\":{\"click\":false,\"hover\":false,\"focus\":false},\"type\":\"overlay\",\"roleAttribute\":\"\",\"ariaLabel\":\"Menu\"}'><button aria-haspopup=\"dialog\" aria-label=\"Rozwi\u0144 menu\" class=\"wp-block-navigation__responsive-container-open\" \n\t\t\t\tdata-wp-on--click=\"actions.openMenuOnClick\"\n\t\t\t\tdata-wp-on--keydown=\"actions.handleMenuKeydown\"\n\t\t\t><svg width=\"24\" height=\"24\" xmlns=\"http:\/\/www.w3.org\/2000\/svg\" viewBox=\"0 0 24 24\"><path d=\"M5 5v1.5h14V5H5z\"><\/path><path d=\"M5 12.8h14v-1.5H5v1.5z\"><\/path><path d=\"M5 19h14v-1.5H5V19z\"><\/path><\/svg><\/button>\n\t\t\t\t<div class=\"wp-block-navigation__responsive-container\"  id=\"modal-1\" \n\t\t\t\tdata-wp-class--has-modal-open=\"state.isMenuOpen\"\n\t\t\t\tdata-wp-class--is-menu-open=\"state.isMenuOpen\"\n\t\t\t\tdata-wp-watch=\"callbacks.initMenu\"\n\t\t\t\tdata-wp-on--keydown=\"actions.handleMenuKeydown\"\n\t\t\t\tdata-wp-on--focusout=\"actions.handleMenuFocusout\"\n\t\t\t\ttabindex=\"-1\"\n\t\t\t>\n\t\t\t\t\t<div class=\"wp-block-navigation__responsive-close\" tabindex=\"-1\">\n\t\t\t\t\t\t<div class=\"wp-block-navigation__responsive-dialog\" \n\t\t\t\tdata-wp-bind--aria-modal=\"state.ariaModal\"\n\t\t\t\tdata-wp-bind--aria-label=\"state.ariaLabel\"\n\t\t\t\tdata-wp-bind--role=\"state.roleAttribute\"\n\t\t\t>\n\t\t\t\t\t\t\t<button aria-label=\"Zamknij menu\" class=\"wp-block-navigation__responsive-container-close\" \n\t\t\t\tdata-wp-on--click=\"actions.closeMenuOnClick\"\n\t\t\t><svg xmlns=\"http:\/\/www.w3.org\/2000\/svg\" viewBox=\"0 0 24 24\" width=\"24\" height=\"24\" aria-hidden=\"true\" focusable=\"false\"><path d=\"m13.06 12 6.47-6.47-1.06-1.06L12 10.94 5.53 4.47 4.47 5.53 10.94 12l-6.47 6.47 1.06 1.06L12 13.06l6.47 6.47 1.06-1.06L13.06 12Z\"><\/path><\/svg><\/button>\n\t\t\t\t\t\t\t<div class=\"wp-block-navigation__responsive-container-content\" \n\t\t\t\tdata-wp-watch=\"callbacks.focusFirstElement\"\n\t\t\t id=\"modal-1-content\">\n\t\t\t\t\t\t\t\t<ul class=\"wp-block-navigation__container has-text-color has-theme-palette6-color has-small-font-size is-responsive items-justified-space-between wp-block-navigation has-small-font-size\"><li class=\"has-small-font-size wp-block-navigation-item wp-block-navigation-link\"><a class=\"wp-block-navigation-item__content\"  href=\"https:\/\/merplast.pl\/?page_id=82\"><span class=\"wp-block-navigation-item__label\">Nasze produkty<\/span><\/a><\/li><li class=\"has-small-font-size wp-block-navigation-item wp-block-navigation-link\"><a class=\"wp-block-navigation-item__content\"  href=\"https:\/\/merplast.pl\/?page_id=76\"><span class=\"wp-block-navigation-item__label\">Kontrola jako\u015bci<\/span><\/a><\/li><li class=\"has-small-font-size wp-block-navigation-item wp-block-navigation-link\"><a class=\"wp-block-navigation-item__content\"  href=\"https:\/\/merplast.pl\/?page_id=527\"><span class=\"wp-block-navigation-item__label\">Druk 3D<\/span><\/a><\/li><li class=\"has-small-font-size wp-block-navigation-item wp-block-navigation-link\"><a class=\"wp-block-navigation-item__content\"  href=\"https:\/\/merplast.pl\/?page_id=80\"><span class=\"wp-block-navigation-item__label\">Polityka prywatno\u015bci<\/span><\/a><\/li><li class=\"has-small-font-size wp-block-navigation-item wp-block-navigation-link\"><a class=\"wp-block-navigation-item__content\"  href=\"https:\/\/merplast.pl\/?page_id=22\"><span class=\"wp-block-navigation-item__label\">Dane sp\u00f3\u0142ki<\/span><\/a><\/li><li class=\"has-small-font-size wp-block-navigation-item wp-block-navigation-link\"><a class=\"wp-block-navigation-item__content\"  href=\"https:\/\/merplast.pl\/?page_id=503\"><span class=\"wp-block-navigation-item__label\">Kontakt<\/span><\/a><\/li><\/ul>\n\t\t\t\t\t\t\t<\/div>\n\t\t\t\t\t\t<\/div>\n\t\t\t\t\t<\/div>\n\t\t\t\t<\/div><\/nav><\/div>\n\n\n\n<div style=\"height:40px\" aria-hidden=\"true\" class=\"wp-block-spacer\"><\/div>\n\n\n<style>.kadence-column22_64484a-a5 > .kt-inside-inner-col,.kadence-column22_64484a-a5 > .kt-inside-inner-col:before{border-top-left-radius:168px;border-top-right-radius:168px;border-bottom-right-radius:168px;border-bottom-left-radius:168px;}.kadence-column22_64484a-a5 > .kt-inside-inner-col{column-gap:var(--global-kb-gap-sm, 1rem);}.kadence-column22_64484a-a5 > .kt-inside-inner-col{flex-direction:column;}.kadence-column22_64484a-a5 > .kt-inside-inner-col > .aligncenter{width:100%;}.kadence-column22_64484a-a5 > .kt-inside-inner-col:before{opacity:0.3;}.kadence-column22_64484a-a5{position:relative;}.kadence-column22_64484a-a5, .kt-inside-inner-col > .kadence-column22_64484a-a5:not(.specificity){margin-top:0px;margin-right:var(--global-kb-spacing-md, 2rem);margin-bottom:0px;margin-left:var(--global-kb-spacing-md, 2rem);}@media all and (max-width: 1024px){.kadence-column22_64484a-a5 > .kt-inside-inner-col{flex-direction:column;justify-content:center;}}@media all and (max-width: 767px){.kadence-column22_64484a-a5 > .kt-inside-inner-col{flex-direction:column;justify-content:center;}}<\/style>\n<div class=\"wp-block-kadence-column kadence-column22_64484a-a5\"><div class=\"kt-inside-inner-col\">\n<div class=\"wp-block-group has-theme-palette-3-color has-theme-palette-1-background-color has-text-color has-background has-link-color wp-elements-a7dbbc56523a515ac7a8b929c030cdef\" style=\"border-radius:10px\"><div class=\"wp-block-group__inner-container is-layout-constrained wp-block-group-is-layout-constrained\">\n<h2 class=\"wp-block-heading has-theme-palette-3-color has-text-color has-link-color wp-elements-af0de5fdd2c4e234f26827ed03f30d7c\">Zarz\u0105d<\/h2>\n\n\n\n<p class=\"has-theme-palette-3-color has-text-color has-link-color wp-elements-71b31852da36e0b0f19cdc6a3819bf32\">Obecnie w sk\u0142ad Zarz\u0105du&nbsp;<strong>MERPLAST P.S.A.<\/strong>&nbsp;wchodz\u0105:<br><strong>MARTYNA SZCZYGIE\u0141 <\/strong>\u2013 Prezes Zarz\u0105du<\/p>\n\n\n\n<h2 class=\"wp-block-heading has-theme-palette-3-color has-text-color has-link-color wp-elements-a1dab26eb45c75f1c19f160388ba8997\">Podstawowe informacje o sp\u00f3\u0142ce<\/h2>\n\n\n<style>.wp-block-kadence-iconlist.kt-svg-icon-list-items22_98486d-da:not(.this-stops-third-party-issues){margin-top:0px;margin-bottom:0px;}.wp-block-kadence-iconlist.kt-svg-icon-list-items22_98486d-da ul.kt-svg-icon-list:not(.this-prevents-issues):not(.this-stops-third-party-issues):not(.tijsloc){margin-top:0px;margin-right:0px;margin-bottom:var(--global-kb-spacing-sm, 1.5rem);margin-left:0px;}.wp-block-kadence-iconlist.kt-svg-icon-list-items22_98486d-da ul.kt-svg-icon-list{grid-row-gap:5px;}.wp-block-kadence-iconlist.kt-svg-icon-list-items22_98486d-da .kb-svg-icon-wrap{font-size:34px;color:var(--global-palette3, #1A202C);}.wp-block-kadence-iconlist.kt-svg-icon-list-items22_98486d-da ul.kt-svg-icon-list .kt-svg-icon-list-item-wrap .kt-svg-icon-list-single{margin-right:10px;}.kt-svg-icon-list-items22_98486d-da ul.kt-svg-icon-list .kt-svg-icon-list-item-wrap, .kt-svg-icon-list-items22_98486d-da ul.kt-svg-icon-list .kt-svg-icon-list-item-wrap a{color:var(--global-palette3, #1A202C);color:var(--global-palette3, #1A202C);}.kt-svg-icon-list-items22_98486d-da ul.kt-svg-icon-list .kt-svg-icon-list-level-0 .kt-svg-icon-list-single svg{font-size:20px;}<\/style>\n<div class=\"wp-block-kadence-iconlist kt-svg-icon-list-items kt-svg-icon-list-items22_98486d-da kt-svg-icon-list-columns-1 alignnone\"><ul class=\"kt-svg-icon-list\"><style>.kt-svg-icon-list-item-22_b70c70-54 .kt-svg-icon-list-text mark.kt-highlight{background-color:unset;font-style:normal;color:#f76a0c;-webkit-box-decoration-break:clone;box-decoration-break:clone;padding-top:0px;padding-right:0px;padding-bottom:0px;padding-left:0px;}<\/style>\n<li class=\"wp-block-kadence-listitem kt-svg-icon-list-item-wrap kt-svg-icon-list-item-22_b70c70-54\"><span class=\"kb-svg-icon-wrap kb-svg-icon-fe_arrowRight kt-svg-icon-list-single\"><svg viewBox=\"0 0 24 24\"  fill=\"none\" stroke=\"currentColor\" stroke-width=\"3.5\" stroke-linecap=\"round\" stroke-linejoin=\"round\" xmlns=\"http:\/\/www.w3.org\/2000\/svg\"  aria-hidden=\"true\"><line x1=\"5\" y1=\"12\" x2=\"19\" y2=\"12\"\/><polyline points=\"12 5 19 12 12 19\"\/><\/svg><\/span><span class=\"kt-svg-icon-list-text\"><strong>Forma prawna dzia\u0142alno\u015bci:<\/strong>&nbsp;Prosta sp\u00f3\u0142ka akcyjna<\/span><\/li>\n\n\n<style>.kt-svg-icon-list-item-22_7f838d-73 .kt-svg-icon-list-text mark.kt-highlight{background-color:unset;font-style:normal;color:#f76a0c;-webkit-box-decoration-break:clone;box-decoration-break:clone;padding-top:0px;padding-right:0px;padding-bottom:0px;padding-left:0px;}<\/style>\n<li class=\"wp-block-kadence-listitem kt-svg-icon-list-item-wrap kt-svg-icon-list-item-22_7f838d-73\"><span class=\"kb-svg-icon-wrap kb-svg-icon-fe_arrowRight kt-svg-icon-list-single\"><svg viewBox=\"0 0 24 24\"  fill=\"none\" stroke=\"currentColor\" stroke-width=\"3.5\" stroke-linecap=\"round\" stroke-linejoin=\"round\" xmlns=\"http:\/\/www.w3.org\/2000\/svg\"  aria-hidden=\"true\"><line x1=\"5\" y1=\"12\" x2=\"19\" y2=\"12\"\/><polyline points=\"12 5 19 12 12 19\"\/><\/svg><\/span><span class=\"kt-svg-icon-list-text\"><strong>Pe\u0142na nazwa Sp\u00f3\u0142ki:<\/strong>&nbsp;MERPLAST prosta sp\u00f3\u0142ka akcyjna<\/span><\/li>\n\n\n<style>.kt-svg-icon-list-item-22_82ea18-ae .kt-svg-icon-list-text mark.kt-highlight{background-color:unset;font-style:normal;color:#f76a0c;-webkit-box-decoration-break:clone;box-decoration-break:clone;padding-top:0px;padding-right:0px;padding-bottom:0px;padding-left:0px;}<\/style>\n<li class=\"wp-block-kadence-listitem kt-svg-icon-list-item-wrap kt-svg-icon-list-item-22_82ea18-ae\"><span class=\"kb-svg-icon-wrap kb-svg-icon-fe_arrowRight kt-svg-icon-list-single\"><svg viewBox=\"0 0 24 24\"  fill=\"none\" stroke=\"currentColor\" stroke-width=\"3.5\" stroke-linecap=\"round\" stroke-linejoin=\"round\" xmlns=\"http:\/\/www.w3.org\/2000\/svg\"  aria-hidden=\"true\"><line x1=\"5\" y1=\"12\" x2=\"19\" y2=\"12\"\/><polyline points=\"12 5 19 12 12 19\"\/><\/svg><\/span><span class=\"kt-svg-icon-list-text\"><strong>Skr\u00f3cona nazwa Sp\u00f3\u0142ki:<\/strong>&nbsp;MERPLAST P.S.A.<\/span><\/li>\n\n\n<style>.kt-svg-icon-list-item-22_633a42-f6 .kt-svg-icon-list-text mark.kt-highlight{background-color:unset;font-style:normal;color:#f76a0c;-webkit-box-decoration-break:clone;box-decoration-break:clone;padding-top:0px;padding-right:0px;padding-bottom:0px;padding-left:0px;}<\/style>\n<li class=\"wp-block-kadence-listitem kt-svg-icon-list-item-wrap kt-svg-icon-list-item-22_633a42-f6\"><span class=\"kb-svg-icon-wrap kb-svg-icon-fe_arrowRight kt-svg-icon-list-single\"><svg viewBox=\"0 0 24 24\"  fill=\"none\" stroke=\"currentColor\" stroke-width=\"3.5\" stroke-linecap=\"round\" stroke-linejoin=\"round\" xmlns=\"http:\/\/www.w3.org\/2000\/svg\"  aria-hidden=\"true\"><line x1=\"5\" y1=\"12\" x2=\"19\" y2=\"12\"\/><polyline points=\"12 5 19 12 12 19\"\/><\/svg><\/span><span class=\"kt-svg-icon-list-text\"><strong>Kapita\u0142 zak\u0142adowy:<\/strong>&nbsp;60 000,00 z\u0142 w pe\u0142ni wp\u0142acony<\/span><\/li>\n\n\n<style>.kt-svg-icon-list-item-22_56e7f6-34 .kt-svg-icon-list-text mark.kt-highlight{background-color:unset;font-style:normal;color:#f76a0c;-webkit-box-decoration-break:clone;box-decoration-break:clone;padding-top:0px;padding-right:0px;padding-bottom:0px;padding-left:0px;}<\/style>\n<li class=\"wp-block-kadence-listitem kt-svg-icon-list-item-wrap kt-svg-icon-list-item-22_56e7f6-34\"><span class=\"kb-svg-icon-wrap kb-svg-icon-fe_arrowRight kt-svg-icon-list-single\"><svg viewBox=\"0 0 24 24\"  fill=\"none\" stroke=\"currentColor\" stroke-width=\"3.5\" stroke-linecap=\"round\" stroke-linejoin=\"round\" xmlns=\"http:\/\/www.w3.org\/2000\/svg\"  aria-hidden=\"true\"><line x1=\"5\" y1=\"12\" x2=\"19\" y2=\"12\"\/><polyline points=\"12 5 19 12 12 19\"\/><\/svg><\/span><span class=\"kt-svg-icon-list-text\"><strong>Data rejestracji w KRS:<\/strong>&nbsp;01.08.2025 \u2013 Sp\u00f3\u0142ka powsta\u0142a z przekszta\u0142cenia MERPLAST Sp. z o.o. zarejestrowanej 12.02.2004<\/span><\/li>\n\n\n<style>.kt-svg-icon-list-item-22_c611d7-43 .kt-svg-icon-list-text mark.kt-highlight{background-color:unset;font-style:normal;color:#f76a0c;-webkit-box-decoration-break:clone;box-decoration-break:clone;padding-top:0px;padding-right:0px;padding-bottom:0px;padding-left:0px;}<\/style>\n<li class=\"wp-block-kadence-listitem kt-svg-icon-list-item-wrap kt-svg-icon-list-item-22_c611d7-43\"><span class=\"kb-svg-icon-wrap kb-svg-icon-fe_arrowRight kt-svg-icon-list-single\"><svg viewBox=\"0 0 24 24\"  fill=\"none\" stroke=\"currentColor\" stroke-width=\"3.5\" stroke-linecap=\"round\" stroke-linejoin=\"round\" xmlns=\"http:\/\/www.w3.org\/2000\/svg\"  aria-hidden=\"true\"><line x1=\"5\" y1=\"12\" x2=\"19\" y2=\"12\"\/><polyline points=\"12 5 19 12 12 19\"\/><\/svg><\/span><span class=\"kt-svg-icon-list-text\"><strong>Miejsce rejestracji:<\/strong>&nbsp;S\u0105d Rejonowy Pozna\u0144 \u2013 Nowe Miasto i Wilda w Poznaniu, VIII Wydzia\u0142 Gospodarczy Krajowego Rejestru S\u0105dowego<\/span><\/li>\n\n\n<style>.kt-svg-icon-list-item-22_cfa447-85 .kt-svg-icon-list-text mark.kt-highlight{background-color:unset;font-style:normal;color:#f76a0c;-webkit-box-decoration-break:clone;box-decoration-break:clone;padding-top:0px;padding-right:0px;padding-bottom:0px;padding-left:0px;}<\/style>\n<li class=\"wp-block-kadence-listitem kt-svg-icon-list-item-wrap kt-svg-icon-list-item-22_cfa447-85\"><span class=\"kb-svg-icon-wrap kb-svg-icon-fe_arrowRight kt-svg-icon-list-single\"><svg viewBox=\"0 0 24 24\"  fill=\"none\" stroke=\"currentColor\" stroke-width=\"3.5\" stroke-linecap=\"round\" stroke-linejoin=\"round\" xmlns=\"http:\/\/www.w3.org\/2000\/svg\"  aria-hidden=\"true\"><line x1=\"5\" y1=\"12\" x2=\"19\" y2=\"12\"\/><polyline points=\"12 5 19 12 12 19\"\/><\/svg><\/span><span class=\"kt-svg-icon-list-text\"><strong>Dane rejestrowe:<\/strong>&nbsp;&nbsp;<strong>KRS<\/strong>: 0001185396 &nbsp;&nbsp;<strong>NIP<\/strong>: 7792140618&nbsp;&nbsp;&nbsp;<strong>REGON<\/strong>: 639886641<\/span><\/li>\n\n\n<style>.kt-svg-icon-list-item-22_5c14f7-36 .kt-svg-icon-list-text mark.kt-highlight{background-color:unset;font-style:normal;color:#f76a0c;-webkit-box-decoration-break:clone;box-decoration-break:clone;padding-top:0px;padding-right:0px;padding-bottom:0px;padding-left:0px;}<\/style>\n<li class=\"wp-block-kadence-listitem kt-svg-icon-list-item-wrap kt-svg-icon-list-item-22_5c14f7-36\"><span class=\"kb-svg-icon-wrap kb-svg-icon-fe_arrowRight kt-svg-icon-list-single\"><svg viewBox=\"0 0 24 24\"  fill=\"none\" stroke=\"currentColor\" stroke-width=\"3.5\" stroke-linecap=\"round\" stroke-linejoin=\"round\" xmlns=\"http:\/\/www.w3.org\/2000\/svg\"  aria-hidden=\"true\"><line x1=\"5\" y1=\"12\" x2=\"19\" y2=\"12\"\/><polyline points=\"12 5 19 12 12 19\"\/><\/svg><\/span><span class=\"kt-svg-icon-list-text\"><strong>Siedziba Sp\u00f3\u0142ki:<\/strong>&nbsp;ul. Wieruszowska 12\/16K, 60-166 Pozna\u0144, Polska<\/span><\/li>\n<\/ul><\/div>\n\n\n\n<p class=\"justified-text ticss-54f6a779 has-theme-palette-3-color has-text-color has-link-color wp-elements-141fe227bc6613ec45620e079f2d292a\">W dniu 1 sierpnia 2025 r. nast\u0105pi\u0142o przekszta\u0142cenie sp\u00f3\u0142ki \u201e<em>MERPLAST sp\u00f3\u0142ka z ograniczon\u0105 odpowiedzialno\u015bci\u0105, z siedzib\u0105 w Poznaniu<\/em>\u201d w sp\u00f3\u0142k\u0119 \u201e<em>MERPLAST prosta sp\u00f3\u0142ka akcyjna z siedzib\u0105 w Poznaniu<\/em>\u201e. W tym dniu nast\u0105pi\u0142 wpis przekszta\u0142cenia sp\u00f3\u0142ki do rejestru przedsi\u0119biorc\u00f3w Krajowego Rejestru S\u0105dowego.&nbsp;Zmiana formy prawnej, a w konsekwencji nazwy nie ma wp\u0142ywu na kontynuacj\u0119 dzia\u0142alno\u015bci przez&nbsp;MERPLAST. Zgodnie z przepisami kodeksu sp\u00f3\u0142ek handlowych&nbsp;<strong>MERPLAST P.S.A.<\/strong>&nbsp;z siedzib\u0105 w Poznaniu jest prawnym nast\u0119pc\u0105 sp\u00f3\u0142ki przekszta\u0142conej (sukcesja generalna).&nbsp;<strong>MERPLAST P.S.A.<\/strong>&nbsp;zachowa\u0142a sw\u00f3j dotychczasowy adres, numer NIP i REGON oraz numery rachunk\u00f3w bankowych. Zmianie uleg\u0142 jedynie numer w rejestrze przedsi\u0119biorc\u00f3w Krajowego Rejestru S\u0105dowego. Przekszta\u0142cenie formy prawnej sp\u00f3\u0142ki nie ma wp\u0142ywu na wa\u017cno\u015b\u0107 zawartych wcze\u015bniej um\u00f3w.<\/p>\n<\/div><\/div>\n<\/div><\/div>\n\n\n\n<div style=\"height:40px\" aria-hidden=\"true\" class=\"wp-block-spacer\"><\/div>\n\n\n\n<h2 class=\"wp-block-heading has-text-align-center has-theme-palette-1-color has-text-color has-link-color wp-elements-2c2953520ffb4a644a44f206e2930a83\">Nasi kontrahenci <\/h2>\n\n\n\n<div class=\"logo-marquee\">\n  <div class=\"logo-track\">\n    <img decoding=\"async\" src=\"https:\/\/merplast.pl\/wp-content\/uploads\/2025\/09\/iamg.png\" alt=\"Logo 1\">\n    <img decoding=\"async\" src=\"https:\/\/merplast.pl\/wp-content\/uploads\/2025\/09\/Dantom_logo.jpg\" alt=\"Logo 2\">\n    <img decoding=\"async\" src=\"https:\/\/merplast.pl\/wp-content\/uploads\/2025\/09\/images-e1756806522909.png\" alt=\"Logo 3\">\n    <img decoding=\"async\" src=\"https:\/\/merplast.pl\/wp-content\/uploads\/2025\/09\/logo-60743e.svg\" alt=\"Logo 4\">\n    <img decoding=\"async\" src=\"https:\/\/merplast.pl\/wp-content\/uploads\/2025\/10\/bros.png\" alt=\"Logo 5\">\n\n    <!-- duplikujemy zestaw logotyp\u00f3w, by efekt by\u0142 p\u0142ynny -->\n    <img decoding=\"async\" src=\"https:\/\/merplast.pl\/wp-content\/uploads\/2025\/09\/iamg.png\" alt=\"Logo 1\">\n    <img decoding=\"async\" src=\"https:\/\/merplast.pl\/wp-content\/uploads\/2025\/09\/Dantom_logo.jpg\" alt=\"Logo 2\">\n    <img decoding=\"async\" src=\"https:\/\/merplast.pl\/wp-content\/uploads\/2025\/09\/images-e1756806522909.png\" alt=\"Logo 3\">\n    <img decoding=\"async\" src=\"https:\/\/merplast.pl\/wp-content\/uploads\/2025\/09\/logo-60743e.svg\" alt=\"Logo 4\">\n    <img decoding=\"async\" src=\"https:\/\/merplast.pl\/wp-content\/uploads\/2025\/10\/bros.png\" alt=\"Logo 5\">\n  <\/div>\n<\/div>\n\n\n\n<p><\/p>\n","protected":false},"excerpt":{"rendered":"<p>Zarz\u0105d Obecnie w sk\u0142ad Zarz\u0105du&nbsp;MERPLAST P.S.A.&nbsp;wchodz\u0105:MARTYNA SZCZYGIE\u0141 \u2013 Prezes Zarz\u0105du Podstawowe informacje o sp\u00f3\u0142ce W dniu 1 sierpnia 2025 r. nast\u0105pi\u0142o przekszta\u0142cenie sp\u00f3\u0142ki \u201eMERPLAST sp\u00f3\u0142ka z ograniczon\u0105 odpowiedzialno\u015bci\u0105, z siedzib\u0105 w Poznaniu\u201d w sp\u00f3\u0142k\u0119 \u201eMERPLAST prosta sp\u00f3\u0142ka akcyjna z siedzib\u0105 w Poznaniu\u201e. W tym dniu nast\u0105pi\u0142 wpis przekszta\u0142cenia sp\u00f3\u0142ki do rejestru przedsi\u0119biorc\u00f3w Krajowego Rejestru S\u0105dowego.&nbsp;Zmiana&#8230;<\/p>\n","protected":false},"author":1,"featured_media":0,"parent":0,"menu_order":0,"comment_status":"closed","ping_status":"closed","template":"","meta":{"_themeisle_gutenberg_block_has_review":false,"_kad_post_transparent":"disable","_kad_post_title":"hide","_kad_post_layout":"fullwidth","_kad_post_sidebar_id":"","_kad_post_content_style":"unboxed","_kad_post_vertical_padding":"hide","_kad_post_feature":"","_kad_post_feature_position":"","_kad_post_header":true,"_kad_post_footer":false,"footnotes":""},"class_list":["post-22","page","type-page","status-publish","hentry"],"_links":{"self":[{"href":"https:\/\/merplast.pl\/index.php?rest_route=\/wp\/v2\/pages\/22","targetHints":{"allow":["GET"]}}],"collection":[{"href":"https:\/\/merplast.pl\/index.php?rest_route=\/wp\/v2\/pages"}],"about":[{"href":"https:\/\/merplast.pl\/index.php?rest_route=\/wp\/v2\/types\/page"}],"author":[{"embeddable":true,"href":"https:\/\/merplast.pl\/index.php?rest_route=\/wp\/v2\/users\/1"}],"replies":[{"embeddable":true,"href":"https:\/\/merplast.pl\/index.php?rest_route=%2Fwp%2Fv2%2Fcomments&post=22"}],"version-history":[{"count":42,"href":"https:\/\/merplast.pl\/index.php?rest_route=\/wp\/v2\/pages\/22\/revisions"}],"predecessor-version":[{"id":907,"href":"https:\/\/merplast.pl\/index.php?rest_route=\/wp\/v2\/pages\/22\/revisions\/907"}],"wp:attachment":[{"href":"https:\/\/merplast.pl\/index.php?rest_route=%2Fwp%2Fv2%2Fmedia&parent=22"}],"curies":[{"name":"wp","href":"https:\/\/api.w.org\/{rel}","templated":true}]}}