{"id":245,"date":"2025-08-09T23:29:29","date_gmt":"2025-08-09T21:29:29","guid":{"rendered":"https:\/\/merplast.pl\/?page_id=245"},"modified":"2025-10-02T19:48:18","modified_gmt":"2025-10-02T17:48:18","slug":"pierscienie","status":"publish","type":"page","link":"https:\/\/merplast.pl\/?page_id=245","title":{"rendered":"Pier\u015bcienie"},"content":{"rendered":"\n<div class=\"wp-block-group alignfull has-background is-content-justification-space-between is-nowrap is-layout-flex wp-container-core-group-is-layout-ef6cc422 wp-block-group-is-layout-flex\" style=\"border-style:none;border-width:0px;background-color:#ffffff;min-height:0px;margin-top:0;margin-bottom:0;padding-top:var(--wp--preset--spacing--30);padding-right:var(--wp--preset--spacing--60);padding-bottom:var(--wp--preset--spacing--30);padding-left:var(--wp--preset--spacing--60)\">\n<figure class=\"wp-block-image size-full is-resized has-custom-border\" style=\"margin-top:0;margin-bottom:0\"><a href=\"https:\/\/merplast.pl\/\"><img loading=\"lazy\" decoding=\"async\" width=\"2105\" height=\"522\" src=\"https:\/\/merplast.pl\/wp-content\/uploads\/2025\/08\/Logotyp-Merplast-niebieski-e1755119661465.png\" alt=\"\" class=\"wp-image-183\" style=\"border-style:none;border-width:0px;width:182px;height:auto\" srcset=\"https:\/\/merplast.pl\/wp-content\/uploads\/2025\/08\/Logotyp-Merplast-niebieski-e1755119661465.png 2105w, https:\/\/merplast.pl\/wp-content\/uploads\/2025\/08\/Logotyp-Merplast-niebieski-e1755119661465-300x74.png 300w, https:\/\/merplast.pl\/wp-content\/uploads\/2025\/08\/Logotyp-Merplast-niebieski-e1755119661465-1024x254.png 1024w, https:\/\/merplast.pl\/wp-content\/uploads\/2025\/08\/Logotyp-Merplast-niebieski-e1755119661465-768x190.png 768w, https:\/\/merplast.pl\/wp-content\/uploads\/2025\/08\/Logotyp-Merplast-niebieski-e1755119661465-1536x381.png 1536w, https:\/\/merplast.pl\/wp-content\/uploads\/2025\/08\/Logotyp-Merplast-niebieski-e1755119661465-2048x508.png 2048w\" sizes=\"auto, (max-width: 2105px) 100vw, 2105px\" \/><\/a><\/figure>\n\n\n<nav class=\"has-text-color has-theme-palette6-color has-small-font-size is-responsive items-justified-space-between wp-block-navigation wp-container-content-f22b2ade is-horizontal is-content-justification-space-between is-layout-flex wp-container-core-navigation-is-layout-202c9dfe wp-block-navigation-is-layout-flex\" aria-label=\"Nawigacja\" \n\t\t data-wp-interactive=\"core\/navigation\" data-wp-context='{\"overlayOpenedBy\":{\"click\":false,\"hover\":false,\"focus\":false},\"type\":\"overlay\",\"roleAttribute\":\"\",\"ariaLabel\":\"Menu\"}'><button aria-haspopup=\"dialog\" aria-label=\"Rozwi\u0144 menu\" class=\"wp-block-navigation__responsive-container-open\" \n\t\t\t\tdata-wp-on--click=\"actions.openMenuOnClick\"\n\t\t\t\tdata-wp-on--keydown=\"actions.handleMenuKeydown\"\n\t\t\t><svg width=\"24\" height=\"24\" xmlns=\"http:\/\/www.w3.org\/2000\/svg\" viewBox=\"0 0 24 24\"><path d=\"M5 5v1.5h14V5H5z\"><\/path><path d=\"M5 12.8h14v-1.5H5v1.5z\"><\/path><path d=\"M5 19h14v-1.5H5V19z\"><\/path><\/svg><\/button>\n\t\t\t\t<div class=\"wp-block-navigation__responsive-container\"  id=\"modal-1\" \n\t\t\t\tdata-wp-class--has-modal-open=\"state.isMenuOpen\"\n\t\t\t\tdata-wp-class--is-menu-open=\"state.isMenuOpen\"\n\t\t\t\tdata-wp-watch=\"callbacks.initMenu\"\n\t\t\t\tdata-wp-on--keydown=\"actions.handleMenuKeydown\"\n\t\t\t\tdata-wp-on--focusout=\"actions.handleMenuFocusout\"\n\t\t\t\ttabindex=\"-1\"\n\t\t\t>\n\t\t\t\t\t<div class=\"wp-block-navigation__responsive-close\" tabindex=\"-1\">\n\t\t\t\t\t\t<div class=\"wp-block-navigation__responsive-dialog\" \n\t\t\t\tdata-wp-bind--aria-modal=\"state.ariaModal\"\n\t\t\t\tdata-wp-bind--aria-label=\"state.ariaLabel\"\n\t\t\t\tdata-wp-bind--role=\"state.roleAttribute\"\n\t\t\t>\n\t\t\t\t\t\t\t<button aria-label=\"Zamknij menu\" class=\"wp-block-navigation__responsive-container-close\" \n\t\t\t\tdata-wp-on--click=\"actions.closeMenuOnClick\"\n\t\t\t><svg xmlns=\"http:\/\/www.w3.org\/2000\/svg\" viewBox=\"0 0 24 24\" width=\"24\" height=\"24\" aria-hidden=\"true\" focusable=\"false\"><path d=\"m13.06 12 6.47-6.47-1.06-1.06L12 10.94 5.53 4.47 4.47 5.53 10.94 12l-6.47 6.47 1.06 1.06L12 13.06l6.47 6.47 1.06-1.06L13.06 12Z\"><\/path><\/svg><\/button>\n\t\t\t\t\t\t\t<div class=\"wp-block-navigation__responsive-container-content\" \n\t\t\t\tdata-wp-watch=\"callbacks.focusFirstElement\"\n\t\t\t id=\"modal-1-content\">\n\t\t\t\t\t\t\t\t<ul class=\"wp-block-navigation__container has-text-color has-theme-palette6-color has-small-font-size is-responsive items-justified-space-between wp-block-navigation has-small-font-size\"><li class=\"has-small-font-size wp-block-navigation-item wp-block-navigation-link\"><a class=\"wp-block-navigation-item__content\"  href=\"https:\/\/merplast.pl\/?page_id=82\"><span class=\"wp-block-navigation-item__label\">Nasze produkty<\/span><\/a><\/li><li class=\"has-small-font-size wp-block-navigation-item wp-block-navigation-link\"><a class=\"wp-block-navigation-item__content\"  href=\"https:\/\/merplast.pl\/?page_id=76\"><span class=\"wp-block-navigation-item__label\">Kontrola jako\u015bci<\/span><\/a><\/li><li class=\"has-small-font-size wp-block-navigation-item wp-block-navigation-link\"><a class=\"wp-block-navigation-item__content\"  href=\"https:\/\/merplast.pl\/?page_id=527\"><span class=\"wp-block-navigation-item__label\">Druk 3D<\/span><\/a><\/li><li class=\"has-small-font-size wp-block-navigation-item wp-block-navigation-link\"><a class=\"wp-block-navigation-item__content\"  href=\"https:\/\/merplast.pl\/?page_id=80\"><span class=\"wp-block-navigation-item__label\">Polityka prywatno\u015bci<\/span><\/a><\/li><li class=\"has-small-font-size wp-block-navigation-item wp-block-navigation-link\"><a class=\"wp-block-navigation-item__content\"  href=\"https:\/\/merplast.pl\/?page_id=22\"><span class=\"wp-block-navigation-item__label\">Dane sp\u00f3\u0142ki<\/span><\/a><\/li><li class=\"has-small-font-size wp-block-navigation-item wp-block-navigation-link\"><a class=\"wp-block-navigation-item__content\"  href=\"https:\/\/merplast.pl\/?page_id=503\"><span class=\"wp-block-navigation-item__label\">Kontakt<\/span><\/a><\/li><\/ul>\n\t\t\t\t\t\t\t<\/div>\n\t\t\t\t\t\t<\/div>\n\t\t\t\t\t<\/div>\n\t\t\t\t<\/div><\/nav><\/div>\n\n\n\n<div style=\"height:100px\" aria-hidden=\"true\" class=\"wp-block-spacer\"><\/div>\n\n\n\n<div class=\"wp-block-columns is-layout-flex wp-container-core-columns-is-layout-d13b6e79 wp-block-columns-is-layout-flex\" style=\"padding-right:var(--wp--preset--spacing--40);padding-left:var(--wp--preset--spacing--40)\">\n<div class=\"wp-block-column is-layout-flow wp-block-column-is-layout-flow\"><style>.kb-gallery-id-245_935073-cc .kadence-blocks-gallery-item .kb-gal-image-radius, .kb-gallery-id-245_935073-cc .kb-slide-item .kb-gal-image-radius img{border-radius:0px 0px 0px 0px;;}.kb-gallery-wrap-id-245_935073-cc.wp-block-kadence-advancedgallery{overflow:visible;}.kb-gallery-wrap-id-245_935073-cc.wp-block-kadence-advancedgallery .kt-blocks-carousel{overflow:visible;}<\/style><div class=\"kb-gallery-wrap-id-245_935073-cc alignnone wp-block-kadence-advancedgallery\"><div class=\"kb-gallery-ul kb-gallery-non-static kb-gallery-type-slider kb-gallery-id-245_935073-cc kb-gallery-caption-style-bottom-hover kb-gallery-filter-none\" data-image-filter=\"none\" data-lightbox-caption=\"true\"><div class=\"kt-blocks-carousel kt-carousel-container-dotstyle-dark\"><div class=\"kt-blocks-carousel-init kb-blocks-slider kt-carousel-arrowstyle-whiteondark kt-carousel-dotstyle-dark kb-slider-group-arrow kb-slider-arrow-position-center\" data-slider-anim-speed=\"400\" data-slider-scroll=\"1\" data-slider-arrows=\"true\" data-slider-fade=\"true\" data-slider-dots=\"true\"data-slider-type=\"slider\"  data-slider-hover-pause=\"false\" data-slider-auto=\"1\" data-slider-speed=\"5000\" data-show-pause-button=\"false\"><li class=\"kb-slide-item kb-gallery-slide-item\"><div class=\"kadence-blocks-gallery-item\"><div class=\"kadence-blocks-gallery-item-inner\"><figure class=\"kb-gallery-figure kadence-blocks-gallery-item-hide-caption\"><div class=\"kb-gal-image-radius\"><div class=\"kb-gallery-image-contain kadence-blocks-gallery-intrinsic kb-gallery-image-ratio-land32 kb-has-image-ratio-land32\" ><img loading=\"lazy\" decoding=\"async\" src=\"https:\/\/merplast.pl\/wp-content\/uploads\/2025\/09\/1000011753-1024x683.jpg\" width=\"1024\" height=\"683\" alt=\"\" data-full-image=\"https:\/\/merplast.pl\/wp-content\/uploads\/2025\/09\/1000011753.jpg\" data-light-image=\"https:\/\/merplast.pl\/wp-content\/uploads\/2025\/09\/1000011753.jpg\" data-id=\"711\" class=\"wp-image-711 skip-lazy\" srcset=\"https:\/\/merplast.pl\/wp-content\/uploads\/2025\/09\/1000011753-1024x683.jpg 1024w, https:\/\/merplast.pl\/wp-content\/uploads\/2025\/09\/1000011753-300x200.jpg 300w, https:\/\/merplast.pl\/wp-content\/uploads\/2025\/09\/1000011753-768x512.jpg 768w, https:\/\/merplast.pl\/wp-content\/uploads\/2025\/09\/1000011753-1536x1024.jpg 1536w, https:\/\/merplast.pl\/wp-content\/uploads\/2025\/09\/1000011753-2048x1365.jpg 2048w, https:\/\/merplast.pl\/wp-content\/uploads\/2025\/09\/1000011753-500x333.jpg 500w, https:\/\/merplast.pl\/wp-content\/uploads\/2025\/09\/1000011753-800x533.jpg 800w, https:\/\/merplast.pl\/wp-content\/uploads\/2025\/09\/1000011753-1280x853.jpg 1280w, https:\/\/merplast.pl\/wp-content\/uploads\/2025\/09\/1000011753-1920x1280.jpg 1920w\" sizes=\"auto, (max-width: 1024px) 100vw, 1024px\" \/><\/div><\/div><\/figure><\/div><\/div><\/li><li class=\"kb-slide-item kb-gallery-slide-item\"><div class=\"kadence-blocks-gallery-item\"><div class=\"kadence-blocks-gallery-item-inner\"><figure class=\"kb-gallery-figure kadence-blocks-gallery-item-hide-caption\"><div class=\"kb-gal-image-radius\"><div class=\"kb-gallery-image-contain kadence-blocks-gallery-intrinsic kb-gallery-image-ratio-land32 kb-has-image-ratio-land32\" ><img loading=\"lazy\" decoding=\"async\" src=\"https:\/\/merplast.pl\/wp-content\/uploads\/2025\/08\/pierscienie2.webp\" width=\"600\" height=\"400\" alt=\"\" data-full-image=\"https:\/\/merplast.pl\/wp-content\/uploads\/2025\/08\/pierscienie2.webp\" data-light-image=\"https:\/\/merplast.pl\/wp-content\/uploads\/2025\/08\/pierscienie2.webp\" data-id=\"134\" class=\"wp-image-134 skip-lazy\" srcset=\"https:\/\/merplast.pl\/wp-content\/uploads\/2025\/08\/pierscienie2.webp 600w, https:\/\/merplast.pl\/wp-content\/uploads\/2025\/08\/pierscienie2-300x200.webp 300w\" sizes=\"auto, (max-width: 600px) 100vw, 600px\" \/><\/div><\/div><\/figure><\/div><\/div><\/li><li class=\"kb-slide-item kb-gallery-slide-item\"><div class=\"kadence-blocks-gallery-item\"><div class=\"kadence-blocks-gallery-item-inner\"><figure class=\"kb-gallery-figure kadence-blocks-gallery-item-hide-caption\"><div class=\"kb-gal-image-radius\"><div class=\"kb-gallery-image-contain kadence-blocks-gallery-intrinsic kb-gallery-image-ratio-land32 kb-has-image-ratio-land32\" ><img loading=\"lazy\" decoding=\"async\" src=\"https:\/\/merplast.pl\/wp-content\/uploads\/2025\/08\/pierscienie3.webp\" width=\"600\" height=\"400\" alt=\"\" data-full-image=\"https:\/\/merplast.pl\/wp-content\/uploads\/2025\/08\/pierscienie3.webp\" data-light-image=\"https:\/\/merplast.pl\/wp-content\/uploads\/2025\/08\/pierscienie3.webp\" data-id=\"135\" class=\"wp-image-135 skip-lazy\" srcset=\"https:\/\/merplast.pl\/wp-content\/uploads\/2025\/08\/pierscienie3.webp 600w, https:\/\/merplast.pl\/wp-content\/uploads\/2025\/08\/pierscienie3-300x200.webp 300w\" sizes=\"auto, (max-width: 600px) 100vw, 600px\" \/><\/div><\/div><\/figure><\/div><\/div><\/li><li class=\"kb-slide-item kb-gallery-slide-item\"><div class=\"kadence-blocks-gallery-item\"><div class=\"kadence-blocks-gallery-item-inner\"><figure class=\"kb-gallery-figure kadence-blocks-gallery-item-hide-caption\"><div class=\"kb-gal-image-radius\"><div class=\"kb-gallery-image-contain kadence-blocks-gallery-intrinsic kb-gallery-image-ratio-land32 kb-has-image-ratio-land32\" ><img loading=\"lazy\" decoding=\"async\" src=\"https:\/\/merplast.pl\/wp-content\/uploads\/2025\/08\/pierscienie4.webp\" width=\"600\" height=\"400\" alt=\"\" data-full-image=\"https:\/\/merplast.pl\/wp-content\/uploads\/2025\/08\/pierscienie4.webp\" data-light-image=\"https:\/\/merplast.pl\/wp-content\/uploads\/2025\/08\/pierscienie4.webp\" data-id=\"145\" class=\"wp-image-145 skip-lazy\" srcset=\"https:\/\/merplast.pl\/wp-content\/uploads\/2025\/08\/pierscienie4.webp 600w, https:\/\/merplast.pl\/wp-content\/uploads\/2025\/08\/pierscienie4-300x200.webp 300w\" sizes=\"auto, (max-width: 600px) 100vw, 600px\" \/><\/div><\/div><\/figure><\/div><\/div><\/li><li class=\"kb-slide-item kb-gallery-slide-item\"><div class=\"kadence-blocks-gallery-item\"><div class=\"kadence-blocks-gallery-item-inner\"><figure class=\"kb-gallery-figure kadence-blocks-gallery-item-hide-caption\"><div class=\"kb-gal-image-radius\"><div class=\"kb-gallery-image-contain kadence-blocks-gallery-intrinsic kb-gallery-image-ratio-land32 kb-has-image-ratio-land32\" ><img loading=\"lazy\" decoding=\"async\" src=\"https:\/\/merplast.pl\/wp-content\/uploads\/2025\/08\/pierscienie1.webp\" width=\"600\" height=\"400\" alt=\"\" data-full-image=\"https:\/\/merplast.pl\/wp-content\/uploads\/2025\/08\/pierscienie1.webp\" data-light-image=\"https:\/\/merplast.pl\/wp-content\/uploads\/2025\/08\/pierscienie1.webp\" data-id=\"133\" class=\"wp-image-133 skip-lazy\" srcset=\"https:\/\/merplast.pl\/wp-content\/uploads\/2025\/08\/pierscienie1.webp 600w, https:\/\/merplast.pl\/wp-content\/uploads\/2025\/08\/pierscienie1-300x200.webp 300w\" sizes=\"auto, (max-width: 600px) 100vw, 600px\" \/><\/div><\/div><\/figure><\/div><\/div><\/li><\/div><\/div><\/div><\/div><\/div>\n\n\n\n<div class=\"wp-block-column is-layout-flow wp-block-column-is-layout-flow\">\n<div class=\"wp-block-group is-vertical is-layout-flex wp-container-core-group-is-layout-8cf370e7 wp-block-group-is-layout-flex\" style=\"font-size:19px\">\n<h2 class=\"wp-block-heading has-theme-palette-1-color has-text-color has-link-color wp-elements-d70e50a3e8de45069f5a4f5d06ce7423\">Pier\u015bcienie<\/h2>\n\n\n\n<p class=\"justified-text ticss-884d08f9 has-theme-palette-1-color has-text-color\" style=\"font-size:19px\">Zajmujemy&nbsp;si\u0119 produkcj\u0105 oraz&nbsp;dorabianiem cz\u0119\u015bci plastikowych. W&nbsp;naszej ofercie znajd\u0105 Pa\u0144stwo m.in. wysokojako\u015bciowe pier\u015bcienie, kt\u00f3re wykonane zosta\u0142y z&nbsp;najwy\u017cszej jako\u015bci tworzyw konstrukcyjnych, dzi\u0119ki czemu charakteryzuj\u0105&nbsp;si\u0119 odporno\u015bci\u0105 na&nbsp;uszkodzenia oraz&nbsp;dzia\u0142anie skrajnych temperatur. Jeste\u015bmy przekonani, \u017ce jako\u015b\u0107 produkowanych przez nas element\u00f3w z&nbsp;tworzyw sztucznych, zaspokoi oczekiwania wszystkich klient\u00f3w \u2013 nawet tych najbardziej wymagaj\u0105cych. Zach\u0119camy do&nbsp;skorzystania z&nbsp;naszej oferty!<\/p>\n<\/div>\n<\/div>\n<\/div>\n\n\n\n<div style=\"height:100px\" aria-hidden=\"true\" class=\"wp-block-spacer\"><\/div>\n","protected":false},"excerpt":{"rendered":"<p>Pier\u015bcienie Zajmujemy&nbsp;si\u0119 produkcj\u0105 oraz&nbsp;dorabianiem cz\u0119\u015bci plastikowych. W&nbsp;naszej ofercie znajd\u0105 Pa\u0144stwo m.in. wysokojako\u015bciowe pier\u015bcienie, kt\u00f3re wykonane zosta\u0142y z&nbsp;najwy\u017cszej jako\u015bci tworzyw konstrukcyjnych, dzi\u0119ki czemu charakteryzuj\u0105&nbsp;si\u0119 odporno\u015bci\u0105 na&nbsp;uszkodzenia oraz&nbsp;dzia\u0142anie skrajnych temperatur. Jeste\u015bmy przekonani, \u017ce jako\u015b\u0107 produkowanych przez nas element\u00f3w z&nbsp;tworzyw sztucznych, zaspokoi oczekiwania wszystkich klient\u00f3w \u2013 nawet tych najbardziej wymagaj\u0105cych. Zach\u0119camy do&nbsp;skorzystania z&nbsp;naszej oferty!<\/p>\n","protected":false},"author":1,"featured_media":0,"parent":0,"menu_order":0,"comment_status":"closed","ping_status":"closed","template":"","meta":{"_themeisle_gutenberg_block_has_review":false,"_kad_post_transparent":"disable","_kad_post_title":"hide","_kad_post_layout":"fullwidth","_kad_post_sidebar_id":"","_kad_post_content_style":"unboxed","_kad_post_vertical_padding":"","_kad_post_feature":"","_kad_post_feature_position":"","_kad_post_header":true,"_kad_post_footer":false,"footnotes":""},"class_list":["post-245","page","type-page","status-publish","hentry"],"_links":{"self":[{"href":"https:\/\/merplast.pl\/index.php?rest_route=\/wp\/v2\/pages\/245","targetHints":{"allow":["GET"]}}],"collection":[{"href":"https:\/\/merplast.pl\/index.php?rest_route=\/wp\/v2\/pages"}],"about":[{"href":"https:\/\/merplast.pl\/index.php?rest_route=\/wp\/v2\/types\/page"}],"author":[{"embeddable":true,"href":"https:\/\/merplast.pl\/index.php?rest_route=\/wp\/v2\/users\/1"}],"replies":[{"embeddable":true,"href":"https:\/\/merplast.pl\/index.php?rest_route=%2Fwp%2Fv2%2Fcomments&post=245"}],"version-history":[{"count":13,"href":"https:\/\/merplast.pl\/index.php?rest_route=\/wp\/v2\/pages\/245\/revisions"}],"predecessor-version":[{"id":805,"href":"https:\/\/merplast.pl\/index.php?rest_route=\/wp\/v2\/pages\/245\/revisions\/805"}],"wp:attachment":[{"href":"https:\/\/merplast.pl\/index.php?rest_route=%2Fwp%2Fv2%2Fmedia&parent=245"}],"curies":[{"name":"wp","href":"https:\/\/api.w.org\/{rel}","templated":true}]}}